{"id":1169,"date":"2017-03-26T16:00:57","date_gmt":"2017-03-26T16:00:57","guid":{"rendered":"https:\/\/viladoscastanheiros.pt\/experiencias\/"},"modified":"2018-04-07T02:25:58","modified_gmt":"2018-04-07T02:25:58","slug":"experiences","status":"publish","type":"page","link":"https:\/\/viladoscastanheiros.pt\/fr\/experiences\/","title":{"rendered":"Exp\u00e9riences"},"content":{"rendered":"<p>\u00c0 la Vila dos Castanheiros nous d\u00e9sirons que passez votre s\u00e9jour en faisant ce que vous aimez le plus. Go\u00fbtez aux saveur authentiques de la gastronomie locale et profitez au maximum de l\u2019eau du barrage du Castelo do Bode.<\/p>\n<p>La Vila dos Castanheiros est un lieu magique pour des moments m\u00e9morables\u2026 Si vous voulez vous surprendre\u2026 la Vila c\u2019est un endroit id\u00e9al pour recevoir et organiser des \u00e9v\u00e9nements inoubliables. F\u00eates priv\u00e9es, concerts, le brunch du dimanche, cocktails\u2026 Notre \u00e9quipe est \u00e0 votre disposition pour planifier et organiser votre \u00e9v\u00e9nement. <\/p>\n","protected":false},"excerpt":{"rendered":"<p>\u00c0 la Vila dos Castanheiros nous d\u00e9sirons que passez votre s\u00e9jour en faisant ce que vous aimez le plus. Go\u00fbtez aux saveur authentiques de la gastronomie locale et profitez au maximum de l\u2019eau du barrage du Castelo do Bode. La Vila dos Castanheiros est un lieu magique pour des moments m\u00e9morables\u2026 Si vous voulez vous &hellip; <a href=\"https:\/\/viladoscastanheiros.pt\/fr\/experiences\/\">Continued<\/a><\/p>\n","protected":false},"author":1,"featured_media":0,"parent":0,"menu_order":15,"comment_status":"closed","ping_status":"closed","template":"template-services.php","meta":[],"_links":{"self":[{"href":"https:\/\/viladoscastanheiros.pt\/fr\/wp-json\/wp\/v2\/pages\/1169\/"}],"collection":[{"href":"https:\/\/viladoscastanheiros.pt\/fr\/wp-json\/wp\/v2\/pages\/"}],"about":[{"href":"https:\/\/viladoscastanheiros.pt\/fr\/wp-json\/wp\/v2\/types\/page\/"}],"author":[{"embeddable":true,"href":"https:\/\/viladoscastanheiros.pt\/fr\/wp-json\/wp\/v2\/users\/1\/"}],"replies":[{"embeddable":true,"href":"https:\/\/viladoscastanheiros.pt\/fr\/wp-json\/wp\/v2\/comments\/?post=1169"}],"version-history":[{"count":1,"href":"https:\/\/viladoscastanheiros.pt\/fr\/wp-json\/wp\/v2\/pages\/1169\/revisions\/"}],"predecessor-version":[{"id":1170,"href":"https:\/\/viladoscastanheiros.pt\/fr\/wp-json\/wp\/v2\/pages\/1169\/revisions\/1170\/"}],"wp:attachment":[{"href":"https:\/\/viladoscastanheiros.pt\/fr\/wp-json\/wp\/v2\/media\/?parent=1169"}],"curies":[{"name":"wp","href":"https:\/\/api.w.org\/{rel}","templated":true}]}}