{"id":1105,"date":"2017-03-26T16:00:57","date_gmt":"2017-03-26T16:00:57","guid":{"rendered":"https:\/\/viladoscastanheiros.pt\/experiencias\/"},"modified":"2018-04-06T23:05:05","modified_gmt":"2018-04-06T23:05:05","slug":"experiencias","status":"publish","type":"page","link":"https:\/\/viladoscastanheiros.pt\/es\/experiencias\/","title":{"rendered":"Experiencias"},"content":{"rendered":"<p>En la Vila dos Castanheiros deseamos que pasen el tiempo haciendo aquello que os guste m\u00e1s. Prueben los sabores aut\u00e9nticos de la cocina local y aprovechen al m\u00e1ximo el rio Z\u00eazere y la Represa de Castelo de Bode.<\/p>\n<p>La Vila dos Castanheiros es un lugar m\u00e1gico para momentos \u00fanicos\u2026 Si desea sorprender a alguien, la Vila es el espacio ideal para recibir y organizar eventos que ser\u00e1n recordados para siempre. Las fiestas privadas y los conciertos, el brunch al domingo, los cocktails de negocio\u2026 nuestro staff est\u00e1 a su disposici\u00f3n para planear y organizar su evento.<\/p>\n","protected":false},"excerpt":{"rendered":"<p>En la Vila dos Castanheiros deseamos que pasen el tiempo haciendo aquello que os guste m\u00e1s. Prueben los sabores aut\u00e9nticos de la cocina local y aprovechen al m\u00e1ximo el rio Z\u00eazere y la Represa de Castelo de Bode. La Vila dos Castanheiros es un lugar m\u00e1gico para momentos \u00fanicos\u2026 Si desea sorprender a alguien, la &hellip; <a href=\"https:\/\/viladoscastanheiros.pt\/es\/experiencias\/\">Continued<\/a><\/p>\n","protected":false},"author":1,"featured_media":0,"parent":0,"menu_order":16,"comment_status":"closed","ping_status":"closed","template":"template-services.php","meta":[],"_links":{"self":[{"href":"https:\/\/viladoscastanheiros.pt\/es\/wp-json\/wp\/v2\/pages\/1105\/"}],"collection":[{"href":"https:\/\/viladoscastanheiros.pt\/es\/wp-json\/wp\/v2\/pages\/"}],"about":[{"href":"https:\/\/viladoscastanheiros.pt\/es\/wp-json\/wp\/v2\/types\/page\/"}],"author":[{"embeddable":true,"href":"https:\/\/viladoscastanheiros.pt\/es\/wp-json\/wp\/v2\/users\/1\/"}],"replies":[{"embeddable":true,"href":"https:\/\/viladoscastanheiros.pt\/es\/wp-json\/wp\/v2\/comments\/?post=1105"}],"version-history":[{"count":1,"href":"https:\/\/viladoscastanheiros.pt\/es\/wp-json\/wp\/v2\/pages\/1105\/revisions\/"}],"predecessor-version":[{"id":1107,"href":"https:\/\/viladoscastanheiros.pt\/es\/wp-json\/wp\/v2\/pages\/1105\/revisions\/1107\/"}],"wp:attachment":[{"href":"https:\/\/viladoscastanheiros.pt\/es\/wp-json\/wp\/v2\/media\/?parent=1105"}],"curies":[{"name":"wp","href":"https:\/\/api.w.org\/{rel}","templated":true}]}}