{"id":499,"date":"2017-02-19T17:27:15","date_gmt":"2017-02-19T17:27:15","guid":{"rendered":"https:\/\/viladoscastanheiros.pt\/localizacao\/"},"modified":"2018-02-10T01:40:15","modified_gmt":"2018-02-10T01:40:15","slug":"location","status":"publish","type":"page","link":"https:\/\/viladoscastanheiros.pt\/en\/location\/","title":{"rendered":"Location"},"content":{"rendered":"<div class=\"row\">\n<div class=\"col-xs-6 col-md-12\">\n<table class=\"rwd-table\">\n<tbody>\n<tr class=\"hideMobile\">\n<td width=\"150\"><\/td>\n<td class=\"text-center\">Ferreira<\/td>\n<td class=\"text-center\">Tomar<\/td>\n<td class=\"text-center\">F\u00e1tima<\/td>\n<td class=\"text-center\">Coimbra<\/td>\n<td class=\"text-center\">Lisboa<\/td>\n<td class=\"text-center\">Porto<\/td>\n<td class=\"text-center\">Nazar\u00e9<\/td>\n<\/tr>\n<tr>\n<td data-th=\"\">Km&#8217;s<\/td>\n<td class=\"text-center\" data-th=\"Ferreira\">8 km<\/td>\n<td class=\"text-center\" data-th=\"Tomar\">24 km<\/td>\n<td class=\"text-center\" data-th=\"F\u00e1tima\">52 km<\/td>\n<td class=\"text-center\" data-th=\"Coimbra\">70 km<\/td>\n<td class=\"text-center\" data-th=\"Lisboa\">160 km<\/td>\n<td class=\"text-center\" data-th=\"Porto\">183 km<\/td>\n<td class=\"text-center\" data-th=\"Nazar\u00e9\">100 km<\/td>\n<\/tr>\n<\/tbody>\n<\/table>\n<\/div>\n<div class=\"col-xs-6 col-md-12\">\n<table class=\"rwd-table\">\n<tbody>\n<tr class=\"hideMobile\">\n<td width=\"150\"><\/td>\n<td class=\"text-center\">Santar\u00e9m<\/td>\n<td class=\"text-center\">Castelo Branco<\/td>\n<td class=\"text-center\">Serra da Estrela<\/td>\n<td class=\"text-center\">Santiago de Compostela<\/td>\n<td class=\"text-center\">Salamanca<\/td>\n<td class=\"text-center\">Faro<\/td>\n<\/tr>\n<tr>\n<td data-th=\"\">Km&#8217;s<\/td>\n<td class=\"text-center\" data-th=\"Santar\u00e9m\">84 km<\/td>\n<td class=\"text-center\" data-th=\"Castelo Branco\">102 km<\/td>\n<td class=\"text-center\" data-th=\"Serra da Estrela\">160 km<\/td>\n<td class=\"text-center\" data-th=\"Santiago de Compostela\">410 km<\/td>\n<td class=\"text-center\" data-th=\"Salamanca\">346 km<\/td>\n<td class=\"text-center\" data-th=\"Faro\">392 km<\/td>\n<\/tr>\n<\/tbody>\n<\/table>\n<\/div>\n<\/div>\n","protected":false},"excerpt":{"rendered":"<p>Ferreira Tomar F\u00e1tima Coimbra Lisboa Porto Nazar\u00e9 Km&#8217;s 8 km 24 km 52 km 70 km 160 km 183 km 100 km Santar\u00e9m Castelo Branco Serra da Estrela Santiago de Compostela Salamanca Faro Km&#8217;s 84 km 102 km 160 km 410 km 346 km 392 km<\/p>\n","protected":false},"author":1,"featured_media":0,"parent":0,"menu_order":26,"comment_status":"closed","ping_status":"closed","template":"template-localizacao.php","meta":[],"_links":{"self":[{"href":"https:\/\/viladoscastanheiros.pt\/en\/wp-json\/wp\/v2\/pages\/499\/"}],"collection":[{"href":"https:\/\/viladoscastanheiros.pt\/en\/wp-json\/wp\/v2\/pages\/"}],"about":[{"href":"https:\/\/viladoscastanheiros.pt\/en\/wp-json\/wp\/v2\/types\/page\/"}],"author":[{"embeddable":true,"href":"https:\/\/viladoscastanheiros.pt\/en\/wp-json\/wp\/v2\/users\/1\/"}],"replies":[{"embeddable":true,"href":"https:\/\/viladoscastanheiros.pt\/en\/wp-json\/wp\/v2\/comments\/?post=499"}],"version-history":[{"count":1,"href":"https:\/\/viladoscastanheiros.pt\/en\/wp-json\/wp\/v2\/pages\/499\/revisions\/"}],"predecessor-version":[{"id":500,"href":"https:\/\/viladoscastanheiros.pt\/en\/wp-json\/wp\/v2\/pages\/499\/revisions\/500\/"}],"wp:attachment":[{"href":"https:\/\/viladoscastanheiros.pt\/en\/wp-json\/wp\/v2\/media\/?parent=499"}],"curies":[{"name":"wp","href":"https:\/\/api.w.org\/{rel}","templated":true}]}}